{"id":21,"date":"2022-01-23T19:08:25","date_gmt":"2022-01-23T18:08:25","guid":{"rendered":"https:\/\/xn--loisirsadapts-mhb.live-website.com\/?page_id=21"},"modified":"2023-07-31T16:27:52","modified_gmt":"2023-07-31T14:27:52","slug":"loisirs-adaptes","status":"publish","type":"page","link":"https:\/\/loisirsadaptes.fr\/","title":{"rendered":"Accueil"},"content":{"rendered":"\n<div class=\"wp-block-cover alignfull is-light has-custom-content-position is-position-top-left\" style=\"min-height:100vh;aspect-ratio:unset;\"><span aria-hidden=\"true\" class=\"wp-block-cover__background has-background-dim-0 has-background-dim has-background-gradient\" style=\"background:linear-gradient(11deg,rgb(254,205,165) 0%,rgb(254,45,45) 50%,rgb(107,0,62) 100%)\"><\/span><img loading=\"lazy\" decoding=\"async\" width=\"1920\" height=\"1079\" class=\"wp-block-cover__image-background wp-image-564\" alt=\"\" src=\"https:\/\/loisirsadaptes.fr\/wp-content\/uploads\/2022\/07\/goutepetite.png\" style=\"object-position:35% 22%\" data-object-fit=\"cover\" data-object-position=\"35% 22%\" srcset=\"https:\/\/loisirsadaptes.fr\/wp-content\/uploads\/2022\/07\/goutepetite.png 1920w, https:\/\/loisirsadaptes.fr\/wp-content\/uploads\/2022\/07\/goutepetite-300x169.png 300w, https:\/\/loisirsadaptes.fr\/wp-content\/uploads\/2022\/07\/goutepetite-1024x575.png 1024w, https:\/\/loisirsadaptes.fr\/wp-content\/uploads\/2022\/07\/goutepetite-768x432.png 768w, https:\/\/loisirsadaptes.fr\/wp-content\/uploads\/2022\/07\/goutepetite-1536x863.png 1536w, https:\/\/loisirsadaptes.fr\/wp-content\/uploads\/2022\/07\/goutepetite-1200x674.png 1200w\" sizes=\"auto, (max-width: 1920px) 100vw, 1920px\" \/><div class=\"wp-block-cover__inner-container is-layout-flow wp-block-cover-is-layout-flow\">\n<div class=\"wp-block-group\"><div class=\"wp-block-group__inner-container is-layout-flow wp-block-group-is-layout-flow\">\n<div class=\"wp-block-group is-vertical is-layout-flex wp-container-core-group-is-layout-8cf370e7 wp-block-group-is-layout-flex\">\n<p class=\"titre1, tailleTitre1 has-accent-color has-text-color has-larger-font-size\"><strong>Association Loisirs Adapt\u00e9s<\/strong><\/p>\n\n\n\n<p class=\"titre1 has-text-color has-large-font-size\" style=\"color:#1eb1d6\"><strong>Activit\u00e9s cr\u00e9atrices, ludiques et motrices pour tous !<\/strong><\/p>\n<\/div>\n<\/div><\/div>\n\n\n\n<p class=\"has-text-align-left rougetitre, titre1\" style=\"font-size:28px\"><strong><mark style=\"background-color:rgba(0, 0, 0, 0)\" class=\"has-inline-color has-primary-color titre1\">Sp\u00e9cialiste\u00a0des loisirs th\u00e9rapeutiques\u00a0depuis 2005<\/mark><\/strong><\/p>\n\n\n\n<figure class=\"wp-block-video videoSize\"><video height=\"1080\" style=\"aspect-ratio: 1440 \/ 1080;\" width=\"1440\" autoplay loop muted src=\"https:\/\/loisirsadaptes.fr\/wp-content\/uploads\/2022\/03\/mon-projet-logo-anime-2.mp4\"><\/video><\/figure>\n<\/div><\/div>\n\n\n\n<p><\/p>\n","protected":false},"excerpt":{"rendered":"","protected":false},"author":1,"featured_media":56,"parent":0,"menu_order":0,"comment_status":"closed","ping_status":"closed","template":"templates\/template-full-width.php","meta":{"footnotes":""},"class_list":["post-21","page","type-page","status-publish","has-post-thumbnail","hentry"],"yoast_head":"<!-- This site is optimized with the Yoast SEO plugin v27.4 - https:\/\/yoast.com\/product\/yoast-seo-wordpress\/ -->\n<title>Accueil - Loisirs Adapt\u00e9s<\/title>\n<meta name=\"description\" content=\"Association sp\u00e9cialis\u00e9e dans le loisirs th\u00e9rapeutiques \u00e0 domicile et en micro-groupe dans ses espaces de loisirs adap\u00e9s. Activit\u00e9s destin\u00e9es aux personne fragilis\u00e9es : handicap physique ou mental (IMC, h\u00e9mipl\u00e9gie, parapl\u00e9gie, autisme, trisomie 21...), s\u00e9niors (Alzheimer, Parkinson...).\" \/>\n<meta name=\"robots\" content=\"index, follow, max-snippet:-1, max-image-preview:large, max-video-preview:-1\" \/>\n<link rel=\"canonical\" href=\"https:\/\/loisirsadaptes.fr\/\" \/>\n<meta property=\"og:locale\" content=\"fr_FR\" \/>\n<meta property=\"og:type\" content=\"article\" \/>\n<meta property=\"og:title\" content=\"https:\/\/www.facebook.com\/Loisirsadaptes31\/\" \/>\n<meta property=\"og:description\" content=\"Actualit\u00e9s de l&#039;association Loisirs Adapt\u00e9s sp\u00e9cialis\u00e9e dans le loisir th\u00e9rapeutique \u00e0 domicile, en collectivit\u00e9 et dans ses espaces d\u2019accueil d\u00e9di\u00e9s aux personnes fragilis\u00e9es (handicap physique ou mental, senior...)\" \/>\n<meta property=\"og:url\" content=\"https:\/\/loisirsadaptes.fr\/\" \/>\n<meta property=\"og:site_name\" content=\"Loisirs Adapt\u00e9s\" \/>\n<meta property=\"article:publisher\" content=\"https:\/\/www.facebook.com\/Loisirsadaptes31\" \/>\n<meta property=\"article:modified_time\" content=\"2023-07-31T14:27:52+00:00\" \/>\n<meta property=\"og:image\" content=\"https:\/\/loisirsadaptes.fr\/wp-content\/uploads\/2022\/01\/logo-1.jpg\" \/>\n\t<meta property=\"og:image:width\" content=\"681\" \/>\n\t<meta property=\"og:image:height\" content=\"417\" \/>\n\t<meta property=\"og:image:type\" content=\"image\/jpeg\" \/>\n<meta name=\"twitter:card\" content=\"summary_large_image\" \/>\n<meta name=\"twitter:label1\" content=\"Dur\u00e9e de lecture estim\u00e9e\" \/>\n\t<meta name=\"twitter:data1\" content=\"1 minute\" \/>\n<script type=\"application\/ld+json\" class=\"yoast-schema-graph\">{\"@context\":\"https:\\\/\\\/schema.org\",\"@graph\":[{\"@type\":\"WebPage\",\"@id\":\"https:\\\/\\\/loisirsadaptes.fr\\\/\",\"url\":\"https:\\\/\\\/loisirsadaptes.fr\\\/\",\"name\":\"Accueil - Loisirs Adapt\u00e9s\",\"isPartOf\":{\"@id\":\"https:\\\/\\\/loisirsadaptes.fr\\\/#website\"},\"primaryImageOfPage\":{\"@id\":\"https:\\\/\\\/loisirsadaptes.fr\\\/#primaryimage\"},\"image\":{\"@id\":\"https:\\\/\\\/loisirsadaptes.fr\\\/#primaryimage\"},\"thumbnailUrl\":\"https:\\\/\\\/loisirsadaptes.fr\\\/wp-content\\\/uploads\\\/2022\\\/01\\\/goute1.png\",\"datePublished\":\"2022-01-23T18:08:25+00:00\",\"dateModified\":\"2023-07-31T14:27:52+00:00\",\"description\":\"Association sp\u00e9cialis\u00e9e dans le loisirs th\u00e9rapeutiques \u00e0 domicile et en micro-groupe dans ses espaces de loisirs adap\u00e9s. Activit\u00e9s destin\u00e9es aux personne fragilis\u00e9es : handicap physique ou mental (IMC, h\u00e9mipl\u00e9gie, parapl\u00e9gie, autisme, trisomie 21...), s\u00e9niors (Alzheimer, Parkinson...).\",\"breadcrumb\":{\"@id\":\"https:\\\/\\\/loisirsadaptes.fr\\\/#breadcrumb\"},\"inLanguage\":\"fr-FR\",\"potentialAction\":[{\"@type\":\"ReadAction\",\"target\":[\"https:\\\/\\\/loisirsadaptes.fr\\\/\"]}]},{\"@type\":\"ImageObject\",\"inLanguage\":\"fr-FR\",\"@id\":\"https:\\\/\\\/loisirsadaptes.fr\\\/#primaryimage\",\"url\":\"https:\\\/\\\/loisirsadaptes.fr\\\/wp-content\\\/uploads\\\/2022\\\/01\\\/goute1.png\",\"contentUrl\":\"https:\\\/\\\/loisirsadaptes.fr\\\/wp-content\\\/uploads\\\/2022\\\/01\\\/goute1.png\",\"width\":1920,\"height\":1079},{\"@type\":\"BreadcrumbList\",\"@id\":\"https:\\\/\\\/loisirsadaptes.fr\\\/#breadcrumb\",\"itemListElement\":[{\"@type\":\"ListItem\",\"position\":1,\"name\":\"Accueil\",\"item\":\"https:\\\/\\\/loisirsadaptes.fr\\\/\"},{\"@type\":\"ListItem\",\"position\":2,\"name\":\"Accueil\"}]},{\"@type\":\"WebSite\",\"@id\":\"https:\\\/\\\/loisirsadaptes.fr\\\/#website\",\"url\":\"https:\\\/\\\/loisirsadaptes.fr\\\/\",\"name\":\"Loisirs Adapt\u00e9s\",\"description\":\"\",\"publisher\":{\"@id\":\"https:\\\/\\\/loisirsadaptes.fr\\\/#organization\"},\"potentialAction\":[{\"@type\":\"SearchAction\",\"target\":{\"@type\":\"EntryPoint\",\"urlTemplate\":\"https:\\\/\\\/loisirsadaptes.fr\\\/?s={search_term_string}\"},\"query-input\":{\"@type\":\"PropertyValueSpecification\",\"valueRequired\":true,\"valueName\":\"search_term_string\"}}],\"inLanguage\":\"fr-FR\"},{\"@type\":\"Organization\",\"@id\":\"https:\\\/\\\/loisirsadaptes.fr\\\/#organization\",\"name\":\"Loisirs Adapt\u00e9s\",\"url\":\"https:\\\/\\\/loisirsadaptes.fr\\\/\",\"logo\":{\"@type\":\"ImageObject\",\"inLanguage\":\"fr-FR\",\"@id\":\"https:\\\/\\\/loisirsadaptes.fr\\\/#\\\/schema\\\/logo\\\/image\\\/\",\"url\":\"https:\\\/\\\/loisirsadaptes.fr\\\/wp-content\\\/uploads\\\/2022\\\/01\\\/logo-1.jpg\",\"contentUrl\":\"https:\\\/\\\/loisirsadaptes.fr\\\/wp-content\\\/uploads\\\/2022\\\/01\\\/logo-1.jpg\",\"width\":681,\"height\":417,\"caption\":\"Loisirs Adapt\u00e9s\"},\"image\":{\"@id\":\"https:\\\/\\\/loisirsadaptes.fr\\\/#\\\/schema\\\/logo\\\/image\\\/\"},\"sameAs\":[\"https:\\\/\\\/www.facebook.com\\\/Loisirsadaptes31\",\"https:\\\/\\\/www.instagram.com\\\/loisirs_adaptes\\\/\"]}]}<\/script>\n<!-- \/ Yoast SEO plugin. -->","yoast_head_json":{"title":"Accueil - Loisirs Adapt\u00e9s","description":"Association sp\u00e9cialis\u00e9e dans le loisirs th\u00e9rapeutiques \u00e0 domicile et en micro-groupe dans ses espaces de loisirs adap\u00e9s. Activit\u00e9s destin\u00e9es aux personne fragilis\u00e9es : handicap physique ou mental (IMC, h\u00e9mipl\u00e9gie, parapl\u00e9gie, autisme, trisomie 21...), s\u00e9niors (Alzheimer, Parkinson...).","robots":{"index":"index","follow":"follow","max-snippet":"max-snippet:-1","max-image-preview":"max-image-preview:large","max-video-preview":"max-video-preview:-1"},"canonical":"https:\/\/loisirsadaptes.fr\/","og_locale":"fr_FR","og_type":"article","og_title":"https:\/\/www.facebook.com\/Loisirsadaptes31\/","og_description":"Actualit\u00e9s de l'association Loisirs Adapt\u00e9s sp\u00e9cialis\u00e9e dans le loisir th\u00e9rapeutique \u00e0 domicile, en collectivit\u00e9 et dans ses espaces d\u2019accueil d\u00e9di\u00e9s aux personnes fragilis\u00e9es (handicap physique ou mental, senior...)","og_url":"https:\/\/loisirsadaptes.fr\/","og_site_name":"Loisirs Adapt\u00e9s","article_publisher":"https:\/\/www.facebook.com\/Loisirsadaptes31","article_modified_time":"2023-07-31T14:27:52+00:00","og_image":[{"width":681,"height":417,"url":"https:\/\/loisirsadaptes.fr\/wp-content\/uploads\/2022\/01\/logo-1.jpg","type":"image\/jpeg"}],"twitter_card":"summary_large_image","twitter_misc":{"Dur\u00e9e de lecture estim\u00e9e":"1 minute"},"schema":{"@context":"https:\/\/schema.org","@graph":[{"@type":"WebPage","@id":"https:\/\/loisirsadaptes.fr\/","url":"https:\/\/loisirsadaptes.fr\/","name":"Accueil - Loisirs Adapt\u00e9s","isPartOf":{"@id":"https:\/\/loisirsadaptes.fr\/#website"},"primaryImageOfPage":{"@id":"https:\/\/loisirsadaptes.fr\/#primaryimage"},"image":{"@id":"https:\/\/loisirsadaptes.fr\/#primaryimage"},"thumbnailUrl":"https:\/\/loisirsadaptes.fr\/wp-content\/uploads\/2022\/01\/goute1.png","datePublished":"2022-01-23T18:08:25+00:00","dateModified":"2023-07-31T14:27:52+00:00","description":"Association sp\u00e9cialis\u00e9e dans le loisirs th\u00e9rapeutiques \u00e0 domicile et en micro-groupe dans ses espaces de loisirs adap\u00e9s. Activit\u00e9s destin\u00e9es aux personne fragilis\u00e9es : handicap physique ou mental (IMC, h\u00e9mipl\u00e9gie, parapl\u00e9gie, autisme, trisomie 21...), s\u00e9niors (Alzheimer, Parkinson...).","breadcrumb":{"@id":"https:\/\/loisirsadaptes.fr\/#breadcrumb"},"inLanguage":"fr-FR","potentialAction":[{"@type":"ReadAction","target":["https:\/\/loisirsadaptes.fr\/"]}]},{"@type":"ImageObject","inLanguage":"fr-FR","@id":"https:\/\/loisirsadaptes.fr\/#primaryimage","url":"https:\/\/loisirsadaptes.fr\/wp-content\/uploads\/2022\/01\/goute1.png","contentUrl":"https:\/\/loisirsadaptes.fr\/wp-content\/uploads\/2022\/01\/goute1.png","width":1920,"height":1079},{"@type":"BreadcrumbList","@id":"https:\/\/loisirsadaptes.fr\/#breadcrumb","itemListElement":[{"@type":"ListItem","position":1,"name":"Accueil","item":"https:\/\/loisirsadaptes.fr\/"},{"@type":"ListItem","position":2,"name":"Accueil"}]},{"@type":"WebSite","@id":"https:\/\/loisirsadaptes.fr\/#website","url":"https:\/\/loisirsadaptes.fr\/","name":"Loisirs Adapt\u00e9s","description":"","publisher":{"@id":"https:\/\/loisirsadaptes.fr\/#organization"},"potentialAction":[{"@type":"SearchAction","target":{"@type":"EntryPoint","urlTemplate":"https:\/\/loisirsadaptes.fr\/?s={search_term_string}"},"query-input":{"@type":"PropertyValueSpecification","valueRequired":true,"valueName":"search_term_string"}}],"inLanguage":"fr-FR"},{"@type":"Organization","@id":"https:\/\/loisirsadaptes.fr\/#organization","name":"Loisirs Adapt\u00e9s","url":"https:\/\/loisirsadaptes.fr\/","logo":{"@type":"ImageObject","inLanguage":"fr-FR","@id":"https:\/\/loisirsadaptes.fr\/#\/schema\/logo\/image\/","url":"https:\/\/loisirsadaptes.fr\/wp-content\/uploads\/2022\/01\/logo-1.jpg","contentUrl":"https:\/\/loisirsadaptes.fr\/wp-content\/uploads\/2022\/01\/logo-1.jpg","width":681,"height":417,"caption":"Loisirs Adapt\u00e9s"},"image":{"@id":"https:\/\/loisirsadaptes.fr\/#\/schema\/logo\/image\/"},"sameAs":["https:\/\/www.facebook.com\/Loisirsadaptes31","https:\/\/www.instagram.com\/loisirs_adaptes\/"]}]}},"_links":{"self":[{"href":"https:\/\/loisirsadaptes.fr\/index.php?rest_route=\/wp\/v2\/pages\/21","targetHints":{"allow":["GET"]}}],"collection":[{"href":"https:\/\/loisirsadaptes.fr\/index.php?rest_route=\/wp\/v2\/pages"}],"about":[{"href":"https:\/\/loisirsadaptes.fr\/index.php?rest_route=\/wp\/v2\/types\/page"}],"author":[{"embeddable":true,"href":"https:\/\/loisirsadaptes.fr\/index.php?rest_route=\/wp\/v2\/users\/1"}],"replies":[{"embeddable":true,"href":"https:\/\/loisirsadaptes.fr\/index.php?rest_route=%2Fwp%2Fv2%2Fcomments&post=21"}],"version-history":[{"count":57,"href":"https:\/\/loisirsadaptes.fr\/index.php?rest_route=\/wp\/v2\/pages\/21\/revisions"}],"predecessor-version":[{"id":633,"href":"https:\/\/loisirsadaptes.fr\/index.php?rest_route=\/wp\/v2\/pages\/21\/revisions\/633"}],"wp:featuredmedia":[{"embeddable":true,"href":"https:\/\/loisirsadaptes.fr\/index.php?rest_route=\/wp\/v2\/media\/56"}],"wp:attachment":[{"href":"https:\/\/loisirsadaptes.fr\/index.php?rest_route=%2Fwp%2Fv2%2Fmedia&parent=21"}],"curies":[{"name":"wp","href":"https:\/\/api.w.org\/{rel}","templated":true}]}}