{"id":333,"date":"2022-04-28T18:22:52","date_gmt":"2022-04-28T16:22:52","guid":{"rendered":"https:\/\/xn--loisirsadapts-mhb.live-website.com\/?page_id=333"},"modified":"2022-07-19T15:22:13","modified_gmt":"2022-07-19T13:22:13","slug":"nous-aider","status":"publish","type":"page","link":"https:\/\/loisirsadaptes.fr\/?page_id=333","title":{"rendered":"Nous Aider"},"content":{"rendered":"\n<p><\/p>\n\n\n\n<p class=\"has-text-align-center has-primary-color has-text-color\"><mark style=\"background-color:rgba(0, 0, 0, 0)\" class=\"has-inline-color has-primary-color\"><strong>Loisirs Adapt\u00e9s travaille r\u00e9guli\u00e8rement sur des nouveaux projets : ouverture d&rsquo;autres espaces de loisirs th\u00e9rapeutiques, cr\u00e9ation d&rsquo;habitats inclusifs, formations pour les aidants&#8230;<\/strong><\/mark><\/p>\n\n\n\n<div class=\"wp-block-columns alignwide is-layout-flex wp-container-core-columns-is-layout-9d6595d7 wp-block-columns-is-layout-flex\">\n<div class=\"wp-block-column is-layout-flow wp-block-column-is-layout-flow\" style=\"flex-basis:66.66%\"><style>#sp-ea-334 .spcollapsing { height: 0; overflow: hidden; transition-property: height;transition-duration: 300ms;}#sp-ea-334.sp-easy-accordion>.sp-ea-single {margin-bottom: 10px; border: 1px solid #770000; }#sp-ea-334.sp-easy-accordion>.sp-ea-single>.ea-header a {color: #770000;}#sp-ea-334.sp-easy-accordion>.sp-ea-single>.sp-collapse>.ea-body {background: #fff; color: #444;}#sp-ea-334.sp-easy-accordion>.sp-ea-single {background: #eee;}#sp-ea-334.sp-easy-accordion>.sp-ea-single>.ea-header a .ea-expand-icon { float: left; color: #770000;font-size: 16px;}<\/style><div id=\"sp_easy_accordion-1776341780\"><div id=\"sp-ea-334\" class=\"sp-ea-one sp-easy-accordion\" data-ea-active=\"ea-click\" data-ea-mode=\"vertical\" data-preloader=\"\" data-scroll-active-item=\"\" data-offset-to-scroll=\"0\"><div class=\"ea-card ea-expand sp-ea-single\"><h3 class=\"ea-header\"><a class=\"collapsed\" id=\"ea-header-3340\" role=\"button\" data-sptoggle=\"spcollapse\" data-sptarget=\"#collapse3340\" aria-controls=\"collapse3340\" href=\"#\" aria-expanded=\"true\" tabindex=\"0\"><i aria-hidden=\"true\" role=\"presentation\" class=\"ea-expand-icon eap-icon-ea-expand-minus\"><\/i> Faire un don en ligne<\/a><\/h3><div class=\"sp-collapse spcollapse collapsed show\" id=\"collapse3340\" data-parent=\"#sp-ea-334\" role=\"region\" aria-labelledby=\"ea-header-3340\"> <div class=\"ea-body\"><span class='mb-center maxbutton-9-center'><span class='maxbutton-9-container mb-container'><a class=\"maxbutton-9 maxbutton maxbutton-participer\" target=\"_blank\" rel=\"noopener\" href=\"https:\/\/www.helloasso.com\/associations\/loisirs-adaptes\/formulaires\/1\/widget\"><span class='mb-text'>PARTICIPER<\/span><\/a><\/span><\/span><\/div><\/div><\/div><div class=\"ea-card sp-ea-single\"><h3 class=\"ea-header\"><a class=\"collapsed\" id=\"ea-header-3341\" role=\"button\" data-sptoggle=\"spcollapse\" data-sptarget=\"#collapse3341\" aria-controls=\"collapse3341\" href=\"#\" aria-expanded=\"false\" tabindex=\"0\"><i aria-hidden=\"true\" role=\"presentation\" class=\"ea-expand-icon eap-icon-ea-expand-plus\"><\/i> Par virement<\/a><\/h3><div class=\"sp-collapse spcollapse \" id=\"collapse3341\" data-parent=\"#sp-ea-334\" role=\"region\" aria-labelledby=\"ea-header-3341\"> <div class=\"ea-body\"><p class=\"font_7\">\u00a0<span class='mb-center maxbutton-10-center'><span class='maxbutton-10-container mb-container'><a class=\"maxbutton-10 maxbutton maxbutton-voir-rib\" target=\"_blank\" rel=\"noopener\" href=\"https:\/\/xn--loisirsadapts-mhb.live-website.com\/wp-content\/uploads\/2022\/07\/rib.png\"><span class='mb-text'>RIB<\/span><\/a><\/span><\/span><\/p><\/div><\/div><\/div><div class=\"ea-card sp-ea-single\"><h3 class=\"ea-header\"><a class=\"collapsed\" id=\"ea-header-3342\" role=\"button\" data-sptoggle=\"spcollapse\" data-sptarget=\"#collapse3342\" aria-controls=\"collapse3342\" href=\"#\" aria-expanded=\"false\" tabindex=\"0\"><i aria-hidden=\"true\" role=\"presentation\" class=\"ea-expand-icon eap-icon-ea-expand-plus\"><\/i> Par ch\u00e8que<\/a><\/h3><div class=\"sp-collapse spcollapse \" id=\"collapse3342\" data-parent=\"#sp-ea-334\" role=\"region\" aria-labelledby=\"ea-header-3342\"> <div class=\"ea-body\"><p class=\"font_7\">Adressez votre ch\u00e8que l'ordre de l'association Loisirs Adapt\u00e9s par la poste\u00a0au\u00a0 si\u00e8ge social : 9 impasse clos Valette 31450 Pompertuzat<\/p><\/div><\/div><\/div><div class=\"ea-card sp-ea-single\"><h3 class=\"ea-header\"><a class=\"collapsed\" id=\"ea-header-3343\" role=\"button\" data-sptoggle=\"spcollapse\" data-sptarget=\"#collapse3343\" aria-controls=\"collapse3343\" href=\"#\" aria-expanded=\"false\" tabindex=\"0\"><i aria-hidden=\"true\" role=\"presentation\" class=\"ea-expand-icon eap-icon-ea-expand-plus\"><\/i> Le B\u00e9n\u00e9volat<\/a><\/h3><div class=\"sp-collapse spcollapse \" id=\"collapse3343\" data-parent=\"#sp-ea-334\" role=\"region\" aria-labelledby=\"ea-header-3343\"> <div class=\"ea-body\"><p>L'aide humaine r\u00e9pond pleinement \u00e0 nos valeurs.<br \/>Quelque soit le temps que vous souhaitez consacrer \u00e0 nos adh\u00e9rents, nous aurons toujours une t\u00e2che \u00e0 vous confier.<br \/>N'h\u00e9sitez pas \u00e0 rejoindre notre \u00e9quipe de b\u00e9n\u00e9voles pour nous aider dans la r\u00e9alisation des travaux, pour encadrer les ateliers, pour animer nos \u00e9v\u00e9nements...<\/p><\/div><\/div><\/div><div class=\"ea-card sp-ea-single\"><h3 class=\"ea-header\"><a class=\"collapsed\" id=\"ea-header-3344\" role=\"button\" data-sptoggle=\"spcollapse\" data-sptarget=\"#collapse3344\" aria-controls=\"collapse3344\" href=\"#\" aria-expanded=\"false\" tabindex=\"0\"><i aria-hidden=\"true\" role=\"presentation\" class=\"ea-expand-icon eap-icon-ea-expand-plus\"><\/i> Les dons de mat\u00e9riel<\/a><\/h3><div class=\"sp-collapse spcollapse \" id=\"collapse3344\" data-parent=\"#sp-ea-334\" role=\"region\" aria-labelledby=\"ea-header-3344\"> <div class=\"ea-body\"><p>Tout au long de l'ann\u00e9e nous acceptons les dons de petit mat\u00e9riel : laine, perle, boutons, fils, bois...<\/p><\/div><\/div><\/div><\/div><\/div>\n<\/div>\n\n\n\n<div class=\"wp-block-column is-layout-flow wp-block-column-is-layout-flow\" style=\"flex-basis:33.33%\"><div class=\"wp-block-image\">\n<figure class=\"aligncenter size-full\"><img loading=\"lazy\" decoding=\"async\" width=\"167\" height=\"125\" src=\"https:\/\/loisirsadaptes.fr\/wp-content\/uploads\/2022\/01\/aider.webp\" alt=\"\" class=\"wp-image-53\"\/><\/figure>\n<\/div><\/div>\n<\/div>\n","protected":false},"excerpt":{"rendered":"<p>Loisirs Adapt\u00e9s travaille r\u00e9guli\u00e8rement sur des nouveaux projets : ouverture d&rsquo;autres espaces de loisirs th\u00e9rapeutiques, cr\u00e9ation d&rsquo;habitats inclusifs, formations pour les aidants&#8230;<\/p>\n","protected":false},"author":1,"featured_media":0,"parent":0,"menu_order":0,"comment_status":"closed","ping_status":"closed","template":"templates\/template-full-width.php","meta":{"footnotes":""},"class_list":["post-333","page","type-page","status-publish","hentry"],"yoast_head":"<!-- This site is optimized with the Yoast SEO plugin v27.4 - https:\/\/yoast.com\/product\/yoast-seo-wordpress\/ -->\n<title>Nous Aider - Loisirs Adapt\u00e9s<\/title>\n<meta name=\"robots\" content=\"index, follow, max-snippet:-1, max-image-preview:large, max-video-preview:-1\" \/>\n<link rel=\"canonical\" href=\"https:\/\/loisirsadaptes.fr\/?page_id=333\" \/>\n<meta property=\"og:locale\" content=\"fr_FR\" \/>\n<meta property=\"og:type\" content=\"article\" \/>\n<meta property=\"og:title\" content=\"Nous Aider - Loisirs Adapt\u00e9s\" \/>\n<meta property=\"og:description\" content=\"Loisirs Adapt\u00e9s travaille r\u00e9guli\u00e8rement sur des nouveaux projets : ouverture d&rsquo;autres espaces de loisirs th\u00e9rapeutiques, cr\u00e9ation d&rsquo;habitats inclusifs, formations pour les aidants&#8230;\" \/>\n<meta property=\"og:url\" content=\"https:\/\/loisirsadaptes.fr\/?page_id=333\" \/>\n<meta property=\"og:site_name\" content=\"Loisirs Adapt\u00e9s\" \/>\n<meta property=\"article:publisher\" content=\"https:\/\/www.facebook.com\/Loisirsadaptes31\" \/>\n<meta property=\"article:modified_time\" content=\"2022-07-19T13:22:13+00:00\" \/>\n<meta property=\"og:image\" content=\"https:\/\/loisirsadaptes.fr\/wp-content\/uploads\/2022\/01\/aider.webp\" \/>\n<meta name=\"twitter:card\" content=\"summary_large_image\" \/>\n<script type=\"application\/ld+json\" class=\"yoast-schema-graph\">{\"@context\":\"https:\\\/\\\/schema.org\",\"@graph\":[{\"@type\":\"WebPage\",\"@id\":\"https:\\\/\\\/loisirsadaptes.fr\\\/?page_id=333\",\"url\":\"https:\\\/\\\/loisirsadaptes.fr\\\/?page_id=333\",\"name\":\"Nous Aider - Loisirs Adapt\u00e9s\",\"isPartOf\":{\"@id\":\"https:\\\/\\\/loisirsadaptes.fr\\\/#website\"},\"primaryImageOfPage\":{\"@id\":\"https:\\\/\\\/loisirsadaptes.fr\\\/?page_id=333#primaryimage\"},\"image\":{\"@id\":\"https:\\\/\\\/loisirsadaptes.fr\\\/?page_id=333#primaryimage\"},\"thumbnailUrl\":\"https:\\\/\\\/loisirsadaptes.fr\\\/wp-content\\\/uploads\\\/2022\\\/01\\\/aider.webp\",\"datePublished\":\"2022-04-28T16:22:52+00:00\",\"dateModified\":\"2022-07-19T13:22:13+00:00\",\"breadcrumb\":{\"@id\":\"https:\\\/\\\/loisirsadaptes.fr\\\/?page_id=333#breadcrumb\"},\"inLanguage\":\"fr-FR\",\"potentialAction\":[{\"@type\":\"ReadAction\",\"target\":[\"https:\\\/\\\/loisirsadaptes.fr\\\/?page_id=333\"]}]},{\"@type\":\"ImageObject\",\"inLanguage\":\"fr-FR\",\"@id\":\"https:\\\/\\\/loisirsadaptes.fr\\\/?page_id=333#primaryimage\",\"url\":\"https:\\\/\\\/loisirsadaptes.fr\\\/wp-content\\\/uploads\\\/2022\\\/01\\\/aider.webp\",\"contentUrl\":\"https:\\\/\\\/loisirsadaptes.fr\\\/wp-content\\\/uploads\\\/2022\\\/01\\\/aider.webp\",\"width\":167,\"height\":125},{\"@type\":\"BreadcrumbList\",\"@id\":\"https:\\\/\\\/loisirsadaptes.fr\\\/?page_id=333#breadcrumb\",\"itemListElement\":[{\"@type\":\"ListItem\",\"position\":1,\"name\":\"Accueil\",\"item\":\"https:\\\/\\\/loisirsadaptes.fr\\\/\"},{\"@type\":\"ListItem\",\"position\":2,\"name\":\"Nous Aider\"}]},{\"@type\":\"WebSite\",\"@id\":\"https:\\\/\\\/loisirsadaptes.fr\\\/#website\",\"url\":\"https:\\\/\\\/loisirsadaptes.fr\\\/\",\"name\":\"Loisirs Adapt\u00e9s\",\"description\":\"\",\"publisher\":{\"@id\":\"https:\\\/\\\/loisirsadaptes.fr\\\/#organization\"},\"potentialAction\":[{\"@type\":\"SearchAction\",\"target\":{\"@type\":\"EntryPoint\",\"urlTemplate\":\"https:\\\/\\\/loisirsadaptes.fr\\\/?s={search_term_string}\"},\"query-input\":{\"@type\":\"PropertyValueSpecification\",\"valueRequired\":true,\"valueName\":\"search_term_string\"}}],\"inLanguage\":\"fr-FR\"},{\"@type\":\"Organization\",\"@id\":\"https:\\\/\\\/loisirsadaptes.fr\\\/#organization\",\"name\":\"Loisirs Adapt\u00e9s\",\"url\":\"https:\\\/\\\/loisirsadaptes.fr\\\/\",\"logo\":{\"@type\":\"ImageObject\",\"inLanguage\":\"fr-FR\",\"@id\":\"https:\\\/\\\/loisirsadaptes.fr\\\/#\\\/schema\\\/logo\\\/image\\\/\",\"url\":\"https:\\\/\\\/loisirsadaptes.fr\\\/wp-content\\\/uploads\\\/2022\\\/01\\\/logo-1.jpg\",\"contentUrl\":\"https:\\\/\\\/loisirsadaptes.fr\\\/wp-content\\\/uploads\\\/2022\\\/01\\\/logo-1.jpg\",\"width\":681,\"height\":417,\"caption\":\"Loisirs Adapt\u00e9s\"},\"image\":{\"@id\":\"https:\\\/\\\/loisirsadaptes.fr\\\/#\\\/schema\\\/logo\\\/image\\\/\"},\"sameAs\":[\"https:\\\/\\\/www.facebook.com\\\/Loisirsadaptes31\",\"https:\\\/\\\/www.instagram.com\\\/loisirs_adaptes\\\/\"]}]}<\/script>\n<!-- \/ Yoast SEO plugin. -->","yoast_head_json":{"title":"Nous Aider - Loisirs Adapt\u00e9s","robots":{"index":"index","follow":"follow","max-snippet":"max-snippet:-1","max-image-preview":"max-image-preview:large","max-video-preview":"max-video-preview:-1"},"canonical":"https:\/\/loisirsadaptes.fr\/?page_id=333","og_locale":"fr_FR","og_type":"article","og_title":"Nous Aider - Loisirs Adapt\u00e9s","og_description":"Loisirs Adapt\u00e9s travaille r\u00e9guli\u00e8rement sur des nouveaux projets : ouverture d&rsquo;autres espaces de loisirs th\u00e9rapeutiques, cr\u00e9ation d&rsquo;habitats inclusifs, formations pour les aidants&#8230;","og_url":"https:\/\/loisirsadaptes.fr\/?page_id=333","og_site_name":"Loisirs Adapt\u00e9s","article_publisher":"https:\/\/www.facebook.com\/Loisirsadaptes31","article_modified_time":"2022-07-19T13:22:13+00:00","og_image":[{"url":"https:\/\/loisirsadaptes.fr\/wp-content\/uploads\/2022\/01\/aider.webp","type":"","width":"","height":""}],"twitter_card":"summary_large_image","schema":{"@context":"https:\/\/schema.org","@graph":[{"@type":"WebPage","@id":"https:\/\/loisirsadaptes.fr\/?page_id=333","url":"https:\/\/loisirsadaptes.fr\/?page_id=333","name":"Nous Aider - Loisirs Adapt\u00e9s","isPartOf":{"@id":"https:\/\/loisirsadaptes.fr\/#website"},"primaryImageOfPage":{"@id":"https:\/\/loisirsadaptes.fr\/?page_id=333#primaryimage"},"image":{"@id":"https:\/\/loisirsadaptes.fr\/?page_id=333#primaryimage"},"thumbnailUrl":"https:\/\/loisirsadaptes.fr\/wp-content\/uploads\/2022\/01\/aider.webp","datePublished":"2022-04-28T16:22:52+00:00","dateModified":"2022-07-19T13:22:13+00:00","breadcrumb":{"@id":"https:\/\/loisirsadaptes.fr\/?page_id=333#breadcrumb"},"inLanguage":"fr-FR","potentialAction":[{"@type":"ReadAction","target":["https:\/\/loisirsadaptes.fr\/?page_id=333"]}]},{"@type":"ImageObject","inLanguage":"fr-FR","@id":"https:\/\/loisirsadaptes.fr\/?page_id=333#primaryimage","url":"https:\/\/loisirsadaptes.fr\/wp-content\/uploads\/2022\/01\/aider.webp","contentUrl":"https:\/\/loisirsadaptes.fr\/wp-content\/uploads\/2022\/01\/aider.webp","width":167,"height":125},{"@type":"BreadcrumbList","@id":"https:\/\/loisirsadaptes.fr\/?page_id=333#breadcrumb","itemListElement":[{"@type":"ListItem","position":1,"name":"Accueil","item":"https:\/\/loisirsadaptes.fr\/"},{"@type":"ListItem","position":2,"name":"Nous Aider"}]},{"@type":"WebSite","@id":"https:\/\/loisirsadaptes.fr\/#website","url":"https:\/\/loisirsadaptes.fr\/","name":"Loisirs Adapt\u00e9s","description":"","publisher":{"@id":"https:\/\/loisirsadaptes.fr\/#organization"},"potentialAction":[{"@type":"SearchAction","target":{"@type":"EntryPoint","urlTemplate":"https:\/\/loisirsadaptes.fr\/?s={search_term_string}"},"query-input":{"@type":"PropertyValueSpecification","valueRequired":true,"valueName":"search_term_string"}}],"inLanguage":"fr-FR"},{"@type":"Organization","@id":"https:\/\/loisirsadaptes.fr\/#organization","name":"Loisirs Adapt\u00e9s","url":"https:\/\/loisirsadaptes.fr\/","logo":{"@type":"ImageObject","inLanguage":"fr-FR","@id":"https:\/\/loisirsadaptes.fr\/#\/schema\/logo\/image\/","url":"https:\/\/loisirsadaptes.fr\/wp-content\/uploads\/2022\/01\/logo-1.jpg","contentUrl":"https:\/\/loisirsadaptes.fr\/wp-content\/uploads\/2022\/01\/logo-1.jpg","width":681,"height":417,"caption":"Loisirs Adapt\u00e9s"},"image":{"@id":"https:\/\/loisirsadaptes.fr\/#\/schema\/logo\/image\/"},"sameAs":["https:\/\/www.facebook.com\/Loisirsadaptes31","https:\/\/www.instagram.com\/loisirs_adaptes\/"]}]}},"_links":{"self":[{"href":"https:\/\/loisirsadaptes.fr\/index.php?rest_route=\/wp\/v2\/pages\/333","targetHints":{"allow":["GET"]}}],"collection":[{"href":"https:\/\/loisirsadaptes.fr\/index.php?rest_route=\/wp\/v2\/pages"}],"about":[{"href":"https:\/\/loisirsadaptes.fr\/index.php?rest_route=\/wp\/v2\/types\/page"}],"author":[{"embeddable":true,"href":"https:\/\/loisirsadaptes.fr\/index.php?rest_route=\/wp\/v2\/users\/1"}],"replies":[{"embeddable":true,"href":"https:\/\/loisirsadaptes.fr\/index.php?rest_route=%2Fwp%2Fv2%2Fcomments&post=333"}],"version-history":[{"count":6,"href":"https:\/\/loisirsadaptes.fr\/index.php?rest_route=\/wp\/v2\/pages\/333\/revisions"}],"predecessor-version":[{"id":476,"href":"https:\/\/loisirsadaptes.fr\/index.php?rest_route=\/wp\/v2\/pages\/333\/revisions\/476"}],"wp:attachment":[{"href":"https:\/\/loisirsadaptes.fr\/index.php?rest_route=%2Fwp%2Fv2%2Fmedia&parent=333"}],"curies":[{"name":"wp","href":"https:\/\/api.w.org\/{rel}","templated":true}]}}