{"id":58,"date":"2022-01-13T12:54:55","date_gmt":"2022-01-13T11:54:55","guid":{"rendered":"https:\/\/xn--loisirsadapts-mhb.live-website.com\/?page_id=58"},"modified":"2025-02-16T18:12:59","modified_gmt":"2025-02-16T17:12:59","slug":"qui-sommes-nous","status":"publish","type":"page","link":"https:\/\/loisirsadaptes.fr\/?page_id=58","title":{"rendered":"Qui sommes-nous ?"},"content":{"rendered":"\n<div class=\"wp-block-cover alignfull is-light has-custom-content-position is-position-center-left\"><span aria-hidden=\"true\" class=\"wp-block-cover__background has-background-dim-0 has-background-dim has-background-gradient\" style=\"background:linear-gradient(270deg,rgb(254,205,165) 11%,rgb(254,45,45) 40%,rgb(107,0,62) 81%)\"><\/span><img loading=\"lazy\" decoding=\"async\" width=\"1920\" height=\"1079\" class=\"wp-block-cover__image-background wp-image-365\" alt=\"\" src=\"https:\/\/xn--loisirsadapts-mhb.live-website.com\/wp-content\/uploads\/2022\/06\/quisommes.png\" style=\"object-position:71% 26%\" data-object-fit=\"cover\" data-object-position=\"71% 26%\" srcset=\"https:\/\/loisirsadaptes.fr\/wp-content\/uploads\/2022\/06\/quisommes.png 1920w, https:\/\/loisirsadaptes.fr\/wp-content\/uploads\/2022\/06\/quisommes-300x169.png 300w, https:\/\/loisirsadaptes.fr\/wp-content\/uploads\/2022\/06\/quisommes-1024x575.png 1024w, https:\/\/loisirsadaptes.fr\/wp-content\/uploads\/2022\/06\/quisommes-768x432.png 768w, https:\/\/loisirsadaptes.fr\/wp-content\/uploads\/2022\/06\/quisommes-1536x863.png 1536w, https:\/\/loisirsadaptes.fr\/wp-content\/uploads\/2022\/06\/quisommes-1200x674.png 1200w\" sizes=\"auto, (max-width: 1920px) 100vw, 1920px\" \/><div class=\"wp-block-cover__inner-container is-layout-flow wp-block-cover-is-layout-flow\"><div class=\"wp-block-image\">\n<figure class=\"aligncenter size-full is-resized\"><img loading=\"lazy\" decoding=\"async\" width=\"102\" height=\"93\" src=\"https:\/\/loisirsadaptes.fr\/wp-content\/uploads\/2022\/01\/qui-somme-nous.webp\" alt=\"\" class=\"wp-image-50\" style=\"width:106px;height:97px\"\/><\/figure>\n<\/div>\n\n\n<h2 class=\"wp-block-heading has-text-align-center has-text-color\" style=\"color:#d10000\">Qui sommes-nous ?<\/h2>\n\n\n\n<div class=\"wp-block-group\"><div class=\"wp-block-group__inner-container is-layout-constrained wp-block-group-is-layout-constrained\">\n<div class=\"wp-block-group is-vertical is-layout-flex wp-container-core-group-is-layout-8cf370e7 wp-block-group-is-layout-flex\">\n<div class=\"wp-block-group is-vertical is-layout-flex wp-container-core-group-is-layout-8cf370e7 wp-block-group-is-layout-flex\">\n<div class=\"wp-block-group\"><div class=\"wp-block-group__inner-container is-layout-constrained wp-block-group-is-layout-constrained\">\n<p class=\"has-text-align-left has-primary-color has-text-color has-small-font-size\">Cr\u00e9\u00e9e en novembre 2005, notre association a pour mission de favoriser l&rsquo;int\u00e9gration sociale de toutes les personnes, en mettant un accent particulier sur les personnes \u00e2g\u00e9es et\/ou en situation de handicap.<\/p>\n\n\n\n<p class=\"has-text-align-left has-primary-color has-text-color has-small-font-size\">Nous vous accueillions dans nos espaces de loisirs con\u00e7us sp\u00e9cifiquement pour promouvoir l&rsquo;inclusion et l&rsquo;accessibilit\u00e9, permettant ainsi \u00e0 chacun de b\u00e9n\u00e9ficier d&rsquo;activit\u00e9s adapt\u00e9es.<\/p>\n\n\n\n<p class=\"has-primary-color has-text-color has-small-font-size\">\u00c0 travers une vari\u00e9t\u00e9 d&rsquo;activit\u00e9s de loisirs th\u00e9rapeutiques, nous souhaitons offrir \u00e0 nos adh\u00e9rents des moments de d\u00e9tente, d&rsquo;apprentissage et de partage.<\/p>\n\n\n\n<div class=\"wp-block-group is-vertical is-layout-flex wp-container-core-group-is-layout-68afab4e wp-block-group-is-layout-flex\">\n<p class=\"has-primary-color has-text-color has-small-font-size\">L&rsquo;Association Loisirs Adapt\u00e9s s&rsquo;engage \u00e0 :<\/p>\n\n\n\n<p class=\"has-primary-color has-text-color has-small-font-size\">\u00b7 Promouvoir l&rsquo;autonomie<\/p>\n\n\n\n<p class=\"has-primary-color has-text-color has-small-font-size\">\u00b7 Cr\u00e9er des liens sociaux<\/p>\n\n\n\n<p class=\"has-primary-color has-text-color has-small-font-size\">\u00b7 Accompagner les aidants<\/p>\n\n\n\n<p class=\"has-primary-color has-text-color has-small-font-size\">\u00b7 Transmettre nos savoir \u00e0 travers la formation<\/p>\n<\/div>\n\n\n\n<p class=\"has-primary-color has-text-color has-small-font-size\">Compos\u00e9e de professionnels qualifi\u00e9s et de b\u00e9n\u00e9voles passionn\u00e9s, notre \u00e9quipe est form\u00e9e pour travailler avec des personnes en situation de handicap. Nous croyons fermement que chacun m\u00e9rite d&rsquo;acc\u00e9der \u00e0 des loisirs adapt\u00e9s \u00e0 ses besoins.<\/p>\n\n\n\n<p class=\"has-primary-color has-text-color has-small-font-size\">Rejoignez-Nous :<\/p>\n\n\n\n<p class=\"has-primary-color has-text-color has-small-font-size\">Que vous soyez une personne en situation de handicap, un proche, ou simplement int\u00e9ress\u00e9 par nos activit\u00e9s, nous vous invitons \u00e0 nous rejoindre. <\/p>\n\n\n\n<p class=\"has-primary-color has-text-color has-small-font-size\">Ensemble, cr\u00e9ons des moments de convivialit\u00e9 et construisons un environnement inclusif et chaleureux.<\/p>\n\n\n\n<p class=\"has-primary-color has-text-color has-small-font-size\">Pour en savoir plus sur nos activit\u00e9s, devenir membre ou soutenir notre association, n&rsquo;h\u00e9sitez pas \u00e0 nous contacter<\/p>\n\n\n\n<p class=\"has-text-align-center has-primary-color has-text-color has-small-font-size\"><strong>T\u00e9l\u00e9phone : <strong><a href=\"tel:0625538220\"> 06 25 53 82 20<\/a><\/strong><\/strong><\/p>\n\n\n\n<p class=\"has-text-align-center has-primary-color has-text-color has-small-font-size\"><strong>Email :<a href=\"mailto:loisirsadaptes31@gmail.com\"> loisirsadaptes31@gmail.com<\/a><\/strong><\/p>\n\n\n\n<p class=\"has-text-align-center\"><strong><mark style=\"background-color:rgba(0, 0, 0, 0);color:#770000\" class=\"has-inline-color\">Ensemble, pour un monde plus inclusif !<\/mark><\/strong><\/p>\n<\/div><\/div>\n<\/div>\n<\/div>\n<\/div><\/div>\n<\/div><\/div>\n\n\n\n<p><\/p>\n","protected":false},"excerpt":{"rendered":"","protected":false},"author":1,"featured_media":0,"parent":0,"menu_order":0,"comment_status":"closed","ping_status":"closed","template":"","meta":{"footnotes":""},"class_list":["post-58","page","type-page","status-publish","hentry"],"yoast_head":"<!-- This site is optimized with the Yoast SEO plugin v27.4 - https:\/\/yoast.com\/product\/yoast-seo-wordpress\/ -->\n<title>Qui sommes-nous ? - Loisirs Adapt\u00e9s<\/title>\n<meta name=\"robots\" content=\"index, follow, max-snippet:-1, max-image-preview:large, max-video-preview:-1\" \/>\n<link rel=\"canonical\" href=\"https:\/\/loisirsadaptes.fr\/?page_id=58\" \/>\n<meta property=\"og:locale\" content=\"fr_FR\" \/>\n<meta property=\"og:type\" content=\"article\" \/>\n<meta property=\"og:title\" content=\"Qui sommes-nous ? - Loisirs Adapt\u00e9s\" \/>\n<meta property=\"og:url\" content=\"https:\/\/loisirsadaptes.fr\/?page_id=58\" \/>\n<meta property=\"og:site_name\" content=\"Loisirs Adapt\u00e9s\" \/>\n<meta property=\"article:publisher\" content=\"https:\/\/www.facebook.com\/Loisirsadaptes31\" \/>\n<meta property=\"article:modified_time\" content=\"2025-02-16T17:12:59+00:00\" \/>\n<meta property=\"og:image\" content=\"https:\/\/loisirsadaptes.fr\/wp-content\/uploads\/2022\/06\/quisommes.png\" \/>\n\t<meta property=\"og:image:width\" content=\"1920\" \/>\n\t<meta property=\"og:image:height\" content=\"1079\" \/>\n\t<meta property=\"og:image:type\" content=\"image\/png\" \/>\n<meta name=\"twitter:card\" content=\"summary_large_image\" \/>\n<meta name=\"twitter:label1\" content=\"Dur\u00e9e de lecture estim\u00e9e\" \/>\n\t<meta name=\"twitter:data1\" content=\"2 minutes\" \/>\n<script type=\"application\/ld+json\" class=\"yoast-schema-graph\">{\"@context\":\"https:\\\/\\\/schema.org\",\"@graph\":[{\"@type\":\"WebPage\",\"@id\":\"https:\\\/\\\/loisirsadaptes.fr\\\/?page_id=58\",\"url\":\"https:\\\/\\\/loisirsadaptes.fr\\\/?page_id=58\",\"name\":\"Qui sommes-nous ? - Loisirs Adapt\u00e9s\",\"isPartOf\":{\"@id\":\"https:\\\/\\\/loisirsadaptes.fr\\\/#website\"},\"primaryImageOfPage\":{\"@id\":\"https:\\\/\\\/loisirsadaptes.fr\\\/?page_id=58#primaryimage\"},\"image\":{\"@id\":\"https:\\\/\\\/loisirsadaptes.fr\\\/?page_id=58#primaryimage\"},\"thumbnailUrl\":\"https:\\\/\\\/xn--loisirsadapts-mhb.live-website.com\\\/wp-content\\\/uploads\\\/2022\\\/06\\\/quisommes.png\",\"datePublished\":\"2022-01-13T11:54:55+00:00\",\"dateModified\":\"2025-02-16T17:12:59+00:00\",\"breadcrumb\":{\"@id\":\"https:\\\/\\\/loisirsadaptes.fr\\\/?page_id=58#breadcrumb\"},\"inLanguage\":\"fr-FR\",\"potentialAction\":[{\"@type\":\"ReadAction\",\"target\":[\"https:\\\/\\\/loisirsadaptes.fr\\\/?page_id=58\"]}]},{\"@type\":\"ImageObject\",\"inLanguage\":\"fr-FR\",\"@id\":\"https:\\\/\\\/loisirsadaptes.fr\\\/?page_id=58#primaryimage\",\"url\":\"https:\\\/\\\/xn--loisirsadapts-mhb.live-website.com\\\/wp-content\\\/uploads\\\/2022\\\/06\\\/quisommes.png\",\"contentUrl\":\"https:\\\/\\\/xn--loisirsadapts-mhb.live-website.com\\\/wp-content\\\/uploads\\\/2022\\\/06\\\/quisommes.png\"},{\"@type\":\"BreadcrumbList\",\"@id\":\"https:\\\/\\\/loisirsadaptes.fr\\\/?page_id=58#breadcrumb\",\"itemListElement\":[{\"@type\":\"ListItem\",\"position\":1,\"name\":\"Accueil\",\"item\":\"https:\\\/\\\/loisirsadaptes.fr\\\/\"},{\"@type\":\"ListItem\",\"position\":2,\"name\":\"Qui sommes-nous ?\"}]},{\"@type\":\"WebSite\",\"@id\":\"https:\\\/\\\/loisirsadaptes.fr\\\/#website\",\"url\":\"https:\\\/\\\/loisirsadaptes.fr\\\/\",\"name\":\"Loisirs Adapt\u00e9s\",\"description\":\"\",\"publisher\":{\"@id\":\"https:\\\/\\\/loisirsadaptes.fr\\\/#organization\"},\"potentialAction\":[{\"@type\":\"SearchAction\",\"target\":{\"@type\":\"EntryPoint\",\"urlTemplate\":\"https:\\\/\\\/loisirsadaptes.fr\\\/?s={search_term_string}\"},\"query-input\":{\"@type\":\"PropertyValueSpecification\",\"valueRequired\":true,\"valueName\":\"search_term_string\"}}],\"inLanguage\":\"fr-FR\"},{\"@type\":\"Organization\",\"@id\":\"https:\\\/\\\/loisirsadaptes.fr\\\/#organization\",\"name\":\"Loisirs Adapt\u00e9s\",\"url\":\"https:\\\/\\\/loisirsadaptes.fr\\\/\",\"logo\":{\"@type\":\"ImageObject\",\"inLanguage\":\"fr-FR\",\"@id\":\"https:\\\/\\\/loisirsadaptes.fr\\\/#\\\/schema\\\/logo\\\/image\\\/\",\"url\":\"https:\\\/\\\/loisirsadaptes.fr\\\/wp-content\\\/uploads\\\/2022\\\/01\\\/logo-1.jpg\",\"contentUrl\":\"https:\\\/\\\/loisirsadaptes.fr\\\/wp-content\\\/uploads\\\/2022\\\/01\\\/logo-1.jpg\",\"width\":681,\"height\":417,\"caption\":\"Loisirs Adapt\u00e9s\"},\"image\":{\"@id\":\"https:\\\/\\\/loisirsadaptes.fr\\\/#\\\/schema\\\/logo\\\/image\\\/\"},\"sameAs\":[\"https:\\\/\\\/www.facebook.com\\\/Loisirsadaptes31\",\"https:\\\/\\\/www.instagram.com\\\/loisirs_adaptes\\\/\"]}]}<\/script>\n<!-- \/ Yoast SEO plugin. -->","yoast_head_json":{"title":"Qui sommes-nous ? - Loisirs Adapt\u00e9s","robots":{"index":"index","follow":"follow","max-snippet":"max-snippet:-1","max-image-preview":"max-image-preview:large","max-video-preview":"max-video-preview:-1"},"canonical":"https:\/\/loisirsadaptes.fr\/?page_id=58","og_locale":"fr_FR","og_type":"article","og_title":"Qui sommes-nous ? - Loisirs Adapt\u00e9s","og_url":"https:\/\/loisirsadaptes.fr\/?page_id=58","og_site_name":"Loisirs Adapt\u00e9s","article_publisher":"https:\/\/www.facebook.com\/Loisirsadaptes31","article_modified_time":"2025-02-16T17:12:59+00:00","og_image":[{"width":1920,"height":1079,"url":"https:\/\/loisirsadaptes.fr\/wp-content\/uploads\/2022\/06\/quisommes.png","type":"image\/png"}],"twitter_card":"summary_large_image","twitter_misc":{"Dur\u00e9e de lecture estim\u00e9e":"2 minutes"},"schema":{"@context":"https:\/\/schema.org","@graph":[{"@type":"WebPage","@id":"https:\/\/loisirsadaptes.fr\/?page_id=58","url":"https:\/\/loisirsadaptes.fr\/?page_id=58","name":"Qui sommes-nous ? - Loisirs Adapt\u00e9s","isPartOf":{"@id":"https:\/\/loisirsadaptes.fr\/#website"},"primaryImageOfPage":{"@id":"https:\/\/loisirsadaptes.fr\/?page_id=58#primaryimage"},"image":{"@id":"https:\/\/loisirsadaptes.fr\/?page_id=58#primaryimage"},"thumbnailUrl":"https:\/\/xn--loisirsadapts-mhb.live-website.com\/wp-content\/uploads\/2022\/06\/quisommes.png","datePublished":"2022-01-13T11:54:55+00:00","dateModified":"2025-02-16T17:12:59+00:00","breadcrumb":{"@id":"https:\/\/loisirsadaptes.fr\/?page_id=58#breadcrumb"},"inLanguage":"fr-FR","potentialAction":[{"@type":"ReadAction","target":["https:\/\/loisirsadaptes.fr\/?page_id=58"]}]},{"@type":"ImageObject","inLanguage":"fr-FR","@id":"https:\/\/loisirsadaptes.fr\/?page_id=58#primaryimage","url":"https:\/\/xn--loisirsadapts-mhb.live-website.com\/wp-content\/uploads\/2022\/06\/quisommes.png","contentUrl":"https:\/\/xn--loisirsadapts-mhb.live-website.com\/wp-content\/uploads\/2022\/06\/quisommes.png"},{"@type":"BreadcrumbList","@id":"https:\/\/loisirsadaptes.fr\/?page_id=58#breadcrumb","itemListElement":[{"@type":"ListItem","position":1,"name":"Accueil","item":"https:\/\/loisirsadaptes.fr\/"},{"@type":"ListItem","position":2,"name":"Qui sommes-nous ?"}]},{"@type":"WebSite","@id":"https:\/\/loisirsadaptes.fr\/#website","url":"https:\/\/loisirsadaptes.fr\/","name":"Loisirs Adapt\u00e9s","description":"","publisher":{"@id":"https:\/\/loisirsadaptes.fr\/#organization"},"potentialAction":[{"@type":"SearchAction","target":{"@type":"EntryPoint","urlTemplate":"https:\/\/loisirsadaptes.fr\/?s={search_term_string}"},"query-input":{"@type":"PropertyValueSpecification","valueRequired":true,"valueName":"search_term_string"}}],"inLanguage":"fr-FR"},{"@type":"Organization","@id":"https:\/\/loisirsadaptes.fr\/#organization","name":"Loisirs Adapt\u00e9s","url":"https:\/\/loisirsadaptes.fr\/","logo":{"@type":"ImageObject","inLanguage":"fr-FR","@id":"https:\/\/loisirsadaptes.fr\/#\/schema\/logo\/image\/","url":"https:\/\/loisirsadaptes.fr\/wp-content\/uploads\/2022\/01\/logo-1.jpg","contentUrl":"https:\/\/loisirsadaptes.fr\/wp-content\/uploads\/2022\/01\/logo-1.jpg","width":681,"height":417,"caption":"Loisirs Adapt\u00e9s"},"image":{"@id":"https:\/\/loisirsadaptes.fr\/#\/schema\/logo\/image\/"},"sameAs":["https:\/\/www.facebook.com\/Loisirsadaptes31","https:\/\/www.instagram.com\/loisirs_adaptes\/"]}]}},"_links":{"self":[{"href":"https:\/\/loisirsadaptes.fr\/index.php?rest_route=\/wp\/v2\/pages\/58","targetHints":{"allow":["GET"]}}],"collection":[{"href":"https:\/\/loisirsadaptes.fr\/index.php?rest_route=\/wp\/v2\/pages"}],"about":[{"href":"https:\/\/loisirsadaptes.fr\/index.php?rest_route=\/wp\/v2\/types\/page"}],"author":[{"embeddable":true,"href":"https:\/\/loisirsadaptes.fr\/index.php?rest_route=\/wp\/v2\/users\/1"}],"replies":[{"embeddable":true,"href":"https:\/\/loisirsadaptes.fr\/index.php?rest_route=%2Fwp%2Fv2%2Fcomments&post=58"}],"version-history":[{"count":25,"href":"https:\/\/loisirsadaptes.fr\/index.php?rest_route=\/wp\/v2\/pages\/58\/revisions"}],"predecessor-version":[{"id":658,"href":"https:\/\/loisirsadaptes.fr\/index.php?rest_route=\/wp\/v2\/pages\/58\/revisions\/658"}],"wp:attachment":[{"href":"https:\/\/loisirsadaptes.fr\/index.php?rest_route=%2Fwp%2Fv2%2Fmedia&parent=58"}],"curies":[{"name":"wp","href":"https:\/\/api.w.org\/{rel}","templated":true}]}}